{"id":35,"date":"2026-02-17T16:58:15","date_gmt":"2026-02-17T15:58:15","guid":{"rendered":"https:\/\/kuziemek.pl\/?page_id=35"},"modified":"2026-02-17T17:39:03","modified_gmt":"2026-02-17T16:39:03","slug":"sloiki-kurwo","status":"publish","type":"page","link":"https:\/\/kuziemek.pl\/","title":{"rendered":"S\u0142oiki kurwo"},"content":{"rendered":"<div class=\"oxy-text-35-100 oxy-text\">\n\n<\/div><h1 class=\"bde-heading-35-101 bde-heading\">\nS\u0142oiki firmy S\u0142oix\n<\/h1><div class=\"bde-columns-35-103 bde-columns\"><div class=\"bde-column-35-104 bde-column\">\n  \n  \n\t\n\n\n\n<div class=\"oxy-text-35-102 oxy-text\">\n**S\u0142oix** to fikcyjna firma, kt\u00f3ra od lat (przynajmniej w swojej w\u0142asnej legendzie) robi najlepsze s\u0142oiki w tej cz\u0119\u015bci galaktyki.<br><br>Zacz\u0119\u0142o si\u0119 w gara\u017cu, jak to zwykle bywa \u2013 jeden pomys\u0142, troch\u0119 szk\u0142a i przekonanie, \u017ce \u015bwiat zas\u0142uguje na porz\u0105dny s\u0142oik. Taki, co nie przecieka, nie p\u0119ka przy pierwszym og\u00f3rku i nie wkurza przy zakr\u0119caniu.<br><br>Dzi\u015b S\u0142oix produkuje wszystko:<br><br>* klasyczne s\u0142oiki na przetwory,<br>* designerskie s\u0142oje do kuchni w stylu \u201ewow, mam porz\u0105dek\u201d,<br>* wielkie baniaki na kiszonki,<br>* ma\u0142e, s\u0142odkie s\u0142oiczki na mi\u00f3d, przyprawy i inne cuda.<br><br>Ich motto?<br>**\u201eZakrecamy temat.\u201d**<br><br>S\u0142oiki od S\u0142oix s\u0105 grube, solidne i gotowe na wszystko \u2013 od babcinej spi\u017carni po nowoczesn\u0105 kuchni\u0119 z wysp\u0105 wi\u0119ksz\u0105 ni\u017c kawalerka. Firma stawia na trwa\u0142o\u015b\u0107, prostot\u0119 i zero \u015bciemy. Ma by\u0107 szczelnie, ma by\u0107 estetycznie i ma dzia\u0142a\u0107.<br><br>A je\u015bli kto\u015b zapyta, czym jeszcze si\u0119 zajmuj\u0105?<br>Odpowied\u017a jest prosta: robi\u0105 s\u0142oiki. I robi\u0105 to porz\u0105dnie. Reszta to marketing \ud83d\ude09<br>\n<\/div>\n<\/div><div class=\"bde-column-35-105 bde-column\">\n  \n  \n\t\n\n\n\n<img decoding=\"async\" class=\"oxy-image-35-106 oxy-image\" src=\"http:\/\/kuziemek.pl\/wp-content\/uploads\/2026\/02\/ssloikx.jpg\" loading=\"lazy\" srcset=\"https:\/\/kuziemek.pl\/wp-content\/uploads\/2026\/02\/ssloikx.jpg 1024w, https:\/\/kuziemek.pl\/wp-content\/uploads\/2026\/02\/ssloikx-300x300.jpg 300w, https:\/\/kuziemek.pl\/wp-content\/uploads\/2026\/02\/ssloikx-150x150.jpg 150w, https:\/\/kuziemek.pl\/wp-content\/uploads\/2026\/02\/ssloikx-768x768.jpg 768w\" sizes=\"(max-width: 1024px) 100vw, 1024px\">\n<\/div><\/div>","protected":false},"excerpt":{"rendered":"<p>S\u0142oiki firmy S\u0142oix **S\u0142oix** to fikcyjna firma, kt\u00f3ra od lat (przynajmniej w swojej w\u0142asnej legendzie) robi najlepsze s\u0142oiki w tej cz\u0119\u015bci galaktyki.Zacz\u0119\u0142o si\u0119 w gara\u017cu, jak to zwykle bywa \u2013 jeden pomys\u0142, troch\u0119 szk\u0142a i przekonanie, \u017ce \u015bwiat zas\u0142uguje na porz\u0105dny s\u0142oik. Taki, co nie przecieka, nie p\u0119ka przy pierwszym og\u00f3rku i nie wkurza przy [&hellip;]<\/p>\n","protected":false},"author":1,"featured_media":0,"parent":0,"menu_order":0,"comment_status":"closed","ping_status":"closed","template":"","meta":{"_oxygen_hide_in_design_set":false,"_oxygen_tags":"","footnotes":""},"class_list":["post-35","page","type-page","status-publish","hentry"],"_links":{"self":[{"href":"https:\/\/kuziemek.pl\/index.php?rest_route=\/wp\/v2\/pages\/35","targetHints":{"allow":["GET"]}}],"collection":[{"href":"https:\/\/kuziemek.pl\/index.php?rest_route=\/wp\/v2\/pages"}],"about":[{"href":"https:\/\/kuziemek.pl\/index.php?rest_route=\/wp\/v2\/types\/page"}],"author":[{"embeddable":true,"href":"https:\/\/kuziemek.pl\/index.php?rest_route=\/wp\/v2\/users\/1"}],"replies":[{"embeddable":true,"href":"https:\/\/kuziemek.pl\/index.php?rest_route=%2Fwp%2Fv2%2Fcomments&post=35"}],"version-history":[{"count":3,"href":"https:\/\/kuziemek.pl\/index.php?rest_route=\/wp\/v2\/pages\/35\/revisions"}],"predecessor-version":[{"id":51,"href":"https:\/\/kuziemek.pl\/index.php?rest_route=\/wp\/v2\/pages\/35\/revisions\/51"}],"wp:attachment":[{"href":"https:\/\/kuziemek.pl\/index.php?rest_route=%2Fwp%2Fv2%2Fmedia&parent=35"}],"curies":[{"name":"wp","href":"https:\/\/api.w.org\/{rel}","templated":true}]}}