{"id":43,"date":"2026-02-17T17:39:15","date_gmt":"2026-02-17T16:39:15","guid":{"rendered":"https:\/\/kuziemek.pl\/?page_id=43"},"modified":"2026-02-17T17:39:15","modified_gmt":"2026-02-17T16:39:15","slug":"oferety-sloikoiw","status":"publish","type":"page","link":"https:\/\/kuziemek.pl\/?page_id=43","title":{"rendered":"Oferety s\u0142oikoiw"},"content":{"rendered":"<div class=\"bde-columns-43-100 bde-columns\"><div class=\"bde-column-43-101 bde-column\">\n  \n  \n\t\n\n\n\n<h1 class=\"bde-heading-43-107 bde-heading heading-dupa\">\ns\u0142oik   miod\n<\/h1><div class=\"oxy-text-43-106 oxy-text elementy-menu\">\nS\u0142oik jest z automaty wyposa\u017cony w miod i ch3j\n<\/div>\n<\/div><div class=\"bde-column-43-102 bde-column\">\n  \n  \n\t\n\n\n\n<img decoding=\"async\" class=\"oxy-image-43-109 oxy-image obraz\" src=\"http:\/\/kuziemek.pl\/wp-content\/uploads\/2026\/02\/moedie.webp\" loading=\"lazy\" srcset=\"https:\/\/kuziemek.pl\/wp-content\/uploads\/2026\/02\/moedie.webp 933w, https:\/\/kuziemek.pl\/wp-content\/uploads\/2026\/02\/moedie-300x225.webp 300w, https:\/\/kuziemek.pl\/wp-content\/uploads\/2026\/02\/moedie-768x576.webp 768w\" sizes=\"(max-width: 933px) 100vw, 933px\">\n<\/div><\/div><div class=\"bde-columns-43-103 bde-columns columns-2\"><div class=\"bde-column-43-104 bde-column column-4\">\n  \n  \n\t\n\n\n\n<h1 class=\"bde-heading-43-108 bde-heading heading-dupa\">\ns\u0142oik d\u017cemu\n<\/h1>\n<\/div><div class=\"bde-column-43-105 bde-column column-3\">\n  \n  \n\t\n\n\n\n<img decoding=\"async\" class=\"oxy-image-43-110 oxy-image obraz\" src=\"http:\/\/kuziemek.pl\/wp-content\/uploads\/2026\/02\/dzem.webp\" loading=\"lazy\" srcset=\"https:\/\/kuziemek.pl\/wp-content\/uploads\/2026\/02\/dzem.webp 525w, https:\/\/kuziemek.pl\/wp-content\/uploads\/2026\/02\/dzem-225x300.webp 225w\" sizes=\"(max-width: 525px) 100vw, 525px\">\n<\/div><\/div>","protected":false},"excerpt":{"rendered":"<p>s\u0142oik miod S\u0142oik jest z automaty wyposa\u017cony w miod i ch3j s\u0142oik d\u017cemu<\/p>\n","protected":false},"author":1,"featured_media":0,"parent":0,"menu_order":0,"comment_status":"closed","ping_status":"closed","template":"","meta":{"_oxygen_hide_in_design_set":false,"_oxygen_tags":"","footnotes":""},"class_list":["post-43","page","type-page","status-publish","hentry"],"_links":{"self":[{"href":"https:\/\/kuziemek.pl\/index.php?rest_route=\/wp\/v2\/pages\/43","targetHints":{"allow":["GET"]}}],"collection":[{"href":"https:\/\/kuziemek.pl\/index.php?rest_route=\/wp\/v2\/pages"}],"about":[{"href":"https:\/\/kuziemek.pl\/index.php?rest_route=\/wp\/v2\/types\/page"}],"author":[{"embeddable":true,"href":"https:\/\/kuziemek.pl\/index.php?rest_route=\/wp\/v2\/users\/1"}],"replies":[{"embeddable":true,"href":"https:\/\/kuziemek.pl\/index.php?rest_route=%2Fwp%2Fv2%2Fcomments&post=43"}],"version-history":[{"count":4,"href":"https:\/\/kuziemek.pl\/index.php?rest_route=\/wp\/v2\/pages\/43\/revisions"}],"predecessor-version":[{"id":52,"href":"https:\/\/kuziemek.pl\/index.php?rest_route=\/wp\/v2\/pages\/43\/revisions\/52"}],"wp:attachment":[{"href":"https:\/\/kuziemek.pl\/index.php?rest_route=%2Fwp%2Fv2%2Fmedia&parent=43"}],"curies":[{"name":"wp","href":"https:\/\/api.w.org\/{rel}","templated":true}]}}